{"id":2727,"date":"2019-05-09T13:37:22","date_gmt":"2019-05-09T11:37:22","guid":{"rendered":"https:\/\/enebepadel.com\/politica-de-cookies\/"},"modified":"2021-06-08T10:26:08","modified_gmt":"2021-06-08T08:26:08","slug":"politica-de-cookies","status":"publish","type":"page","link":"https:\/\/enebepadel.com\/en\/politica-de-cookies\/","title":{"rendered":"Pol\u00edtica de cookies"},"content":{"rendered":"\n<h2 class=\"wp-block-heading\">\u00bfQu\u00e9 son las cookies?<\/h2>\n\n\n\n<p>Una cookie es un fichero que se descarga en tu ordenador al acceder a determinadas p\u00e1ginas web. Las cookies permiten a una p\u00e1gina web, entre otras cosas, almacenar y recuperar informaci\u00f3n sobre los h\u00e1bitos de navegaci\u00f3n de un usuario o de su equipo y, dependiendo de la informaci\u00f3n que contengan y de la forma en que utilice su equipo, pueden utilizarse para reconocer al usuario.<\/p>\n\n\n\n<h2 class=\"wp-block-heading\">\u00bfC\u00f3mo puedo configurar o eliminar mis cookies?<\/h2>\n\n\n\n<p>Puede permitir, bloquear o eliminar las cookies instaladas en su equipo mediante la configuraci\u00f3n de las opciones de su navegador de Internet. A continuaci\u00f3n le explicamos c\u00f3mo:<\/p>\n\n\n\n<ul class=\"wp-block-list\"><li><a rel=\"noreferrer noopener\" href=\"https:\/\/support.google.com\/chrome\/answer\/95647\/borrar-habilitar-y-administrar-cookies-en-chrome-ordenador?hl=es\" target=\"_blank\">Google Chrome<\/a><\/li><li><a rel=\"noreferrer noopener\" href=\"https:\/\/support.mozilla.org\/es\/kb\/habilitar-y-deshabilitar-cookies-sitios-web-rastrear-preferencias?redirectslug=habilitar-y-deshabilitar-cookies-que-los-sitios-we&amp;redirectlocale=es\" target=\"_blank\">Mozilla Firefox<\/a><\/li><li><a href=\"https:\/\/support.microsoft.com\/es-es\/windows\/eliminar-y-administrar-cookies-168dab11-0753-043d-7c16-ede5947fc64d\" target=\"_blank\" rel=\"noreferrer noopener\">Internet Explorer<\/a><\/li><li><a href=\"https:\/\/support.microsoft.com\/es-es\/microsoft-edge\/eliminar-las-cookies-en-microsoft-edge-63947406-40ac-c3b8-57b9-2a946a29ae09\" target=\"_blank\" rel=\"noreferrer noopener\">Microsoft Edge<\/a><\/li><li><a href=\"https:\/\/support.apple.com\/es-es\/guide\/safari\/sfri11471\/mac\" target=\"_blank\" rel=\"noreferrer noopener\">Safari<\/a><\/li><li><a href=\"https:\/\/support.apple.com\/es-es\/HT201265\" target=\"_blank\" rel=\"noreferrer noopener\">Safari para IOS (iPhone y iPad)<\/a><\/li><li><a href=\"https:\/\/support.google.com\/chrome\/answer\/114662\/cambiar-los-permisos-de-un-sitio-ordenador?hl=es&amp;visit_id=637584182937250022-1517274195&amp;rd=1\" target=\"_blank\" rel=\"noreferrer noopener\">Chrome para Android<\/a><\/li><\/ul>\n\n\n\n<p>Si rechaza la instalaci\u00f3n de cookies podr\u00e1 seguir usando el sitio web, aunque el uso de algunos de sus servicios podr\u00e1 ser limitado y por tanto su experiencia en nuestro sitio web resultar menos satisfactoria. Si quisiese retirar en cualquier momento su consentimiento relacionado con la presente Pol\u00edtica de Cookies, deber\u00e1 eliminar las cookies almacenadas a trav\u00e9s de los ajustes y configuraciones de su navegador de Internet.<\/p>\n\n\n\n<h2 class=\"wp-block-heading\">\u00bfQu\u00e9 tipos de cookies utiliza enebepadel.com?<\/h2>\n\n\n\n<p>Si dejas un comentario en esta web puedes elegir guardar tus datos de nombre e email, y web. En ese caso se guardar\u00e1n cookies de comentario: una para recordar tu nombre y otra para recordar tu email, y tu web.<br>Esto es para tu comodidad, para que no tengas que volver a rellenar tus datos cuando dejes otro comentario. <br>Estas cookies tendr\u00e1n una duraci\u00f3n de un a\u00f1o.<\/p>\n\n\n\n<figure class=\"wp-block-table\"><table><tbody><tr><td><strong>Dominio<\/strong><\/td><td><strong>Nombre de la cookie<\/strong><\/td><td><strong>Valor que se guarda<\/strong><\/td><td><strong>Caducidad<\/strong><\/td><td><strong>Descripci\u00f3n<\/strong><\/td><\/tr><tr><td>enebepadel.com<\/td><td>cookie_notice_accepted<\/td><td>Verdadero o Falso<\/td><td>Un mes<\/td><td>Aceptaci\u00f3n de cookies<\/td><\/tr><tr><td>enebepadel.com<\/td><td>comment_author_email_<\/td><td>Email<\/td><td>Un a\u00f1o<\/td><td>Email del comentarista<\/td><\/tr><tr><td>enebepadel.com<\/td><td>comment_author_<\/td><td>Nombre<\/td><td>Un a\u00f1o<\/td><td>Nombre del comentarista<\/td><\/tr><tr><td>enebepadel.com<\/td><td>comment_author_url_<\/td><td>URL de la web<\/td><td>Un a\u00f1o<\/td><td>Web del comentarista<\/td><\/tr><\/tbody><\/table><\/figure>\n\n\n\n<h3 class=\"wp-block-heading\">Cookies de terceros<\/h3>\n\n\n\n<p>Usamos widgets de WordPress para compartir nuestras noticias en redes sociales. Al hacer click en uno de los botones de compartir de este widget se generan las cookies respondientes a su red social.<\/p>\n\n\n\n<p>Al hace click en el bot\u00f3n de compartir una de nuestras noticias en Twitter se generan las cookies de Twitter:<\/p>\n\n\n\n<figure class=\"wp-block-table\"><table><tbody><tr><td><strong>Dominio<\/strong><\/td><td><strong>Nombre de la cookie<\/strong><\/td><td><strong>Descripci\u00f3n<\/strong><\/td><\/tr><tr><td>twitter.com<\/td><td>Cookies de Twitter (__utma, __utmb, __utmc, __utmz, _twitter_sess, external_sess, guest_id, tz_offset_set)<\/td><td>Permiten compartir contenido en Twitter. Estas cookies evitan que el usuario tenga que introducir nuevamente sus datos para compartir dichos contenidos.<br>Puedes consultar la <a rel=\"noreferrer noopener\" href=\"https:\/\/twitter.com\/es\/privacy\" target=\"_blank\">Pol\u00edtica de Privacidad de Twitter<\/a>.<\/td><\/tr><\/tbody><\/table><\/figure>\n\n\n\n<p>Al hace click en el bot\u00f3n de compartir en Pinterest se generan las cookies correspondiente:<\/p>\n\n\n\n<figure class=\"wp-block-table\"><table><tbody><tr><td><strong>Dominio<\/strong><\/td><td><strong>Nombre de la cookie<\/strong><\/td><td><strong>Descripci\u00f3n<\/strong><\/td><\/tr><tr><td>pinterest.es<\/td><td>Cookies de Pinterest (cm_sub, sessionFunnelEventLogged, _routing_id, _auth, csrftoken, _pinterest_sess )<\/td><td>Permiten compartir contenido en Pinterest. Estas cookies evitan que el usuario tenga que introducir nuevamente sus datos para compartir dichos contenidos. Puedes consultar la <a rel=\"noreferrer noopener\" href=\"https:\/\/policy.pinterest.com\/es\/privacy-policy\" target=\"_blank\">Pol\u00edtica de Privacidad de Pinterest<\/a> y su <a href=\"https:\/\/policy.pinterest.com\/es\/cookies\" target=\"_blank\" rel=\"noreferrer noopener\">Pol\u00edtica de Cookies<\/a>.<\/td><\/tr><\/tbody><\/table><\/figure>\n\n\n\n<p>Al hace click en el bot\u00f3n de compartir en LinkedIn se generan las cookies correspondiente:<\/p>\n\n\n\n<figure class=\"wp-block-table\"><table><tbody><tr><td><strong>Dominio<\/strong><\/td><td><strong>Nombre de la cookie<\/strong><\/td><td><strong>Descripci\u00f3n<\/strong><\/td><\/tr><tr><td>linkedin.com<\/td><td>Cookies de LinkedIn (li_rm, bscookie, JSESSIONID, lidc, li_gc, bcookie, lang)<\/td><td>Permiten compartir contenido en LinkedIn. Estas cookies evitan que el usuario tenga que introducir nuevamente sus datos para compartir dichos contenidos. Puedes consultar la <a rel=\"noreferrer noopener\" href=\"https:\/\/es.linkedin.com\/legal\/privacy-policy\" target=\"_blank\">Pol\u00edtica de Privacidad de LinkedIn<\/a> y su <a href=\"https:\/\/es.linkedin.com\/legal\/cookie-policy\" target=\"_blank\" rel=\"noreferrer noopener\">Pol\u00edtica de Cookies<\/a>.<\/td><\/tr><\/tbody><\/table><\/figure>\n\n\n\n<p>Si en alguno de nuestras p\u00e1ginas se encuentra insertado un v\u00eddeo de Youtube se cargar\u00e1n sus cookies correspondientes:<\/p>\n\n\n\n<figure class=\"wp-block-table\"><table><tbody><tr><td><strong>Dominio<\/strong><\/td><td><strong>Nombre de la cookie<\/strong><\/td><td><strong>Descripci\u00f3n<\/strong><\/td><\/tr><tr><td>youtube.com<\/td><td>Cookies de Youtube (SIDCC, HSID, _Secure-3PAPISID, SAPISID, APISID, YSC, LOGIN_INFO, VISITOR_INFO1_LIVE, SID, SSID)<\/td><td>Las utiliza Youtube para ofrecer v\u00eddeos \u00fatiles o v\u00eddeos informativos, almacenar las preferencias del usuario y estimar el ancho de banda.<br>Youtube almacena informaci\u00f3n para poder generar estad\u00edsticas sobre las visitas de videos incrustados en otras p\u00e1ginas.<br>Puedes consultar su <a rel=\"noreferrer noopener\" href=\"https:\/\/policies.google.com\/privacy\" target=\"_blank\">Pol\u00edtica de Privacidad<\/a>.<\/td><\/tr><\/tbody><\/table><\/figure>\n\n\n\n<p>Cookies de Google.<\/p>\n\n\n\n<figure class=\"wp-block-table\"><table><tbody><tr><td><strong>Dominio<\/strong><\/td><td><strong>Nombre de la cookie<\/strong><\/td><td><strong>Descripci\u00f3n<\/strong><\/td><\/tr><tr><td>google.com<\/td><td>Cookies de Google(NID, 1P_JAR, CONSENT)<\/td><td>Se cargar\u00e1n cookies de Google si usas las credenciales de Google para acceder a tus redes sociales anteriormente citadas, as\u00ed como al acceder a un mapa de Google incrustado en cualquiera de nuestras p\u00e1ginas.<br>Puedes consultar su <a rel=\"noreferrer noopener\" href=\"https:\/\/policies.google.com\/privacy\" target=\"_blank\">Pol\u00edtica de Privacidad<\/a>.<\/td><\/tr><\/tbody><\/table><\/figure>\n\n\n\n<p><\/p>\n\n\n\n<p><\/p>\n","protected":false},"excerpt":{"rendered":"<p>\u00bfQu\u00e9 son las cookies? Una cookie es un fichero que se descarga en tu ordenador al acceder a determinadas p\u00e1ginas web. Las cookies permiten a una p\u00e1gina web, entre otras cosas, almacenar y recuperar informaci\u00f3n sobre los h\u00e1bitos de navegaci\u00f3n de un usuario o de su equipo y, dependiendo de la informaci\u00f3n que contengan y<\/p>\n","protected":false},"author":2,"featured_media":0,"parent":0,"menu_order":0,"comment_status":"closed","ping_status":"closed","template":"","meta":{"footnotes":""},"class_list":["post-2727","page","type-page","status-publish","hentry"],"_links":{"self":[{"href":"https:\/\/enebepadel.com\/en\/wp-json\/wp\/v2\/pages\/2727","targetHints":{"allow":["GET"]}}],"collection":[{"href":"https:\/\/enebepadel.com\/en\/wp-json\/wp\/v2\/pages"}],"about":[{"href":"https:\/\/enebepadel.com\/en\/wp-json\/wp\/v2\/types\/page"}],"author":[{"embeddable":true,"href":"https:\/\/enebepadel.com\/en\/wp-json\/wp\/v2\/users\/2"}],"replies":[{"embeddable":true,"href":"https:\/\/enebepadel.com\/en\/wp-json\/wp\/v2\/comments?post=2727"}],"version-history":[{"count":1,"href":"https:\/\/enebepadel.com\/en\/wp-json\/wp\/v2\/pages\/2727\/revisions"}],"predecessor-version":[{"id":2729,"href":"https:\/\/enebepadel.com\/en\/wp-json\/wp\/v2\/pages\/2727\/revisions\/2729"}],"wp:attachment":[{"href":"https:\/\/enebepadel.com\/en\/wp-json\/wp\/v2\/media?parent=2727"}],"curies":[{"name":"wp","href":"https:\/\/api.w.org\/{rel}","templated":true}]}}