{"id":2732,"date":"2021-06-04T14:48:09","date_gmt":"2021-06-04T12:48:09","guid":{"rendered":"https:\/\/enebepadel.com\/aviso-legal\/"},"modified":"2021-06-08T10:26:27","modified_gmt":"2021-06-08T08:26:27","slug":"aviso-legal","status":"publish","type":"page","link":"https:\/\/enebepadel.com\/en\/aviso-legal\/","title":{"rendered":"Aviso Legal"},"content":{"rendered":"\n<p>Esta p\u00e1gina web, con dominio enebepadel.com es titular de RACKETS &amp; SPORTS WORLD SL, con NIF ESB88456736 y domicilio en el Pol\u00edgono Industrial Palas de Rei s\/n, Palas de Rei (Casco Urbano), 27200 Lugo, tel\u00e9fono 982 286 100 e email de contacto boris@racketsworld.com, tiene como finalidad informar sobre la marca ENEBE PADEL.<\/p>\n\n\n\n<h2 class=\"wp-block-heading\">Propiedad intelectual e industrial<\/h2>\n\n\n\n<p>El dise\u00f1o de esta p\u00e1gina web y su c\u00f3digo fuente, as\u00ed como los logos, marcas y dem\u00e1s signos distintivos que aparecen en el mismo pertenecen a RACKETS &amp; SPORTS WORLD SL y est\u00e1n protegidos por los correspondientes derechos de propiedad intelectual e industrial.<\/p>\n\n\n\n<h2 class=\"wp-block-heading\">Responsabilidad de los contenidos<\/h2>\n\n\n\n<p>RACKETS &amp; SPORTS WORLD SL no se hace responsable de la legalidad de otros sitios web de terceros desde los que pueda accederse a esta p\u00e1gina web. <\/p>\n\n\n\n<p>RACKETS &amp; SPORTS WORLD SL tampoco responde por la legalidad de otros sitios web de terceros, que pudieran estar vinculados o enlazados desde esta p\u00e1gina web.<\/p>\n\n\n\n<p>RACKETS &amp; SPORTS WORLD SL se reserva el derecho a realizar cambios en esta p\u00e1gina web sin previo aviso, al objeto de mantener actualizada su informaci\u00f3n, a\u00f1adiendo, modificando, corrigiendo o eliminando&nbsp; los contenidos publicados o el dise\u00f1o de esta p\u00e1gina web.<\/p>\n\n\n\n<p>RACKETS &amp; SPORTS WORLD SL no ser\u00e1 responsable del uso que terceros hagan de la informaci\u00f3n publicada en el esta p\u00e1gina web, ni tampoco de los da\u00f1os sufridos o p\u00e9rdidas econ\u00f3micas que, de forma directa o indirecta, produzcan o puedan producir perjuicios econ\u00f3micos, materiales o sobre datos, provocados por el uso de dicha informaci\u00f3n.<\/p>\n\n\n\n<h2 class=\"wp-block-heading\">Reproducci\u00f3n de contenidos<\/h2>\n\n\n\n<p>Se proh\u00edbe la reproducci\u00f3n total o parcial de los contenidos publicados en esta p\u00e1gina web.<\/p>\n\n\n\n<h2 class=\"wp-block-heading\">Ley aplicable<\/h2>\n\n\n\n<p>La ley aplicable en caso de disputa o conflicto de interpretaci\u00f3n de los t\u00e9rminos que conforman este aviso legal, as\u00ed como cualquier cuesti\u00f3n relacionada con los servicios de la presente p\u00e1gina web, ser\u00e1 la ley espa\u00f1ola.<\/p>\n","protected":false},"excerpt":{"rendered":"<p>Esta p\u00e1gina web, con dominio enebepadel.com es titular de RACKETS &amp; SPORTS WORLD SL, con NIF ESB88456736 y domicilio en el Pol\u00edgono Industrial Palas de Rei s\/n, Palas de Rei (Casco Urbano), 27200 Lugo, tel\u00e9fono 982 286 100 e email de contacto boris@racketsworld.com, tiene como finalidad informar sobre la marca ENEBE PADEL. Propiedad intelectual e<\/p>\n","protected":false},"author":2,"featured_media":0,"parent":0,"menu_order":0,"comment_status":"closed","ping_status":"closed","template":"","meta":{"footnotes":""},"class_list":["post-2732","page","type-page","status-publish","hentry"],"_links":{"self":[{"href":"https:\/\/enebepadel.com\/en\/wp-json\/wp\/v2\/pages\/2732","targetHints":{"allow":["GET"]}}],"collection":[{"href":"https:\/\/enebepadel.com\/en\/wp-json\/wp\/v2\/pages"}],"about":[{"href":"https:\/\/enebepadel.com\/en\/wp-json\/wp\/v2\/types\/page"}],"author":[{"embeddable":true,"href":"https:\/\/enebepadel.com\/en\/wp-json\/wp\/v2\/users\/2"}],"replies":[{"embeddable":true,"href":"https:\/\/enebepadel.com\/en\/wp-json\/wp\/v2\/comments?post=2732"}],"version-history":[{"count":1,"href":"https:\/\/enebepadel.com\/en\/wp-json\/wp\/v2\/pages\/2732\/revisions"}],"predecessor-version":[{"id":2733,"href":"https:\/\/enebepadel.com\/en\/wp-json\/wp\/v2\/pages\/2732\/revisions\/2733"}],"wp:attachment":[{"href":"https:\/\/enebepadel.com\/en\/wp-json\/wp\/v2\/media?parent=2732"}],"curies":[{"name":"wp","href":"https:\/\/api.w.org\/{rel}","templated":true}]}}