{"id":2773,"date":"2021-06-07T18:27:59","date_gmt":"2021-06-07T16:27:59","guid":{"rendered":"https:\/\/enebepadel.com\/politica-de-privacidad\/"},"modified":"2021-06-07T18:27:59","modified_gmt":"2021-06-07T16:27:59","slug":"politica-de-privacidad","status":"publish","type":"page","link":"https:\/\/enebepadel.com\/en\/politica-de-privacidad\/","title":{"rendered":"Pol\u00edtica de privacidad"},"content":{"rendered":"\n<h2 class=\"wp-block-heading\">Responsable del tratamiento<\/h2>\n\n\n\n<p>RACKETS &amp; SPORTS WORLD SL<br>Pol\u00edgono Industrial Palas de Rei s\/n<br>Palas de Rei 27200 Lugo<br>Espa\u00f1a<br>NIF: ESB88456736<br>Web: <a href=\"https:\/\/www.enebepadel.com\">enebepadel.com<\/a><br>Tel\u00e9fono: 982 28 61 00<br>Direcci\u00f3n de email para comunicaciones en materia de protecci\u00f3n de Datos: boris@racketsworld.com<\/p>\n\n\n\n<hr class=\"wp-block-separator is-style-wide\"\/>\n\n\n\n<h3 class=\"wp-block-heading\">Normativa aplicable<\/h3>\n\n\n\n<p>Nuestra Pol\u00edtica de Privacidad se ha dise\u00f1ado de acuerdo con el Reglamento General de Protecci\u00f3n de Datos de la UE 2016\/679 del Parlamento Europeo y del Consejo, de 27 de abril de 2016, relativo a la protecci\u00f3n de las personas f\u00edsicas en lo que respecta al tratamiento de datos personales y a la libre circulaci\u00f3n de estos datos y por el que se deroga la Directiva 95\/46\/CE (Reglamento general de protecci\u00f3n de datos), y la Ley Org\u00e1nica 3\/2018 del 5 de diciembre, de Protecci\u00f3n de Datos de Car\u00e1cter Personal y Garant\u00eda de los Derechos Digitales.<\/p>\n\n\n\n<p>Al facilitarnos tus datos, declaras haber le\u00eddo y conocer la presente Pol\u00edtica de Privacidad, prestando tu consentimiento inequ\u00edvoco y expreso al tratamiento de tus datos personales de acuerdo a las finalidades y t\u00e9rminos aqu\u00ed expresados.<\/p>\n\n\n\n<p>Podremos modificar la presente Pol\u00edtica de Privacidad para adaptarla a las novedades legislativas, jurisprudenciales o de interpretaci\u00f3n de la Agencia Espa\u00f1ola de Protecci\u00f3n de Datos. Estas condiciones de privacidad podr\u00e1n ser complementadas por el Aviso Legal y Pol\u00edtica de Cookies.<\/p>\n\n\n\n<hr class=\"wp-block-separator is-style-wide\"\/>\n\n\n\n<h2 class=\"wp-block-heading\">Finalidad de nuestro sitio web<\/h2>\n\n\n\n<p>La finalidad de enebepadel.com es informativa.<\/p>\n\n\n\n<hr class=\"wp-block-separator is-style-wide\"\/>\n\n\n\n<h2 class=\"wp-block-heading\">Finalidad del tratamiento de los datos personales<\/h2>\n\n\n\n<h3 class=\"wp-block-heading\">Comentarios<\/h3>\n\n\n\n<p>Cuando un visitante deja un comentario en la web, tiene la posibilidad de elegir guardar un nombre de usuario y email, y web junto con su comentario. En tal caso se guardar\u00e1n el nombre de usuario, el email, y si la ha indicado, la web.<\/p>\n\n\n\n<h3 class=\"wp-block-heading\">Formulario de contacto<\/h3>\n\n\n\n<p>Los datos solicitados a trav\u00e9s del formulario de contacto (nombre e email, y si lo indicas tel\u00e9fono) son necesarios para la correcta identificaci\u00f3n del remitente, de forma que nos permita llevar a cabo tareas b\u00e1sicas para la correcta respuesta a la solicitud que nos hagas. La licitud de este tratamiento viene determinada bien por el consentimiento manifestado mediante el env\u00edo del formulario.<\/p>\n\n\n\n<h3 class=\"wp-block-heading\">Contenido incrustado de otros sitios web<\/h3>\n\n\n\n<p>Los art\u00edculos de este sitio pueden incluir contenido incrustado (por ejemplo, v\u00eddeos, im\u00e1genes, art\u00edculos, etc.). El contenido incrustado de otras web se comporta exactamente de la misma manera que si el visitante hubiera visitado la otra web. Estas webs pueden recopilar datos sobre ti, utilizar cookies, incrustar un seguimiento adicional de terceros, y supervisar tu interacci\u00f3n con ese contenido incrustado, incluido el seguimiento de tu interacci\u00f3n con el contenido incrustado si tienes una cuenta y est\u00e1s conectado a esa web.<\/p>\n\n\n\n<h4 class=\"wp-block-heading\">YouTube<\/h4>\n\n\n\n<p>Nuestro sitio web puede utilizar v\u00eddeos de YouTube, operado por Google. Si visitas una de nuestras p\u00e1ginas con un v\u00eddeo de YouTube, se establece una conexi\u00f3n a sus servidores. Si has iniciado sesi\u00f3n en tu cuenta de YouTube, YouTube permite asociar tu comportamiento de navegaci\u00f3n directamente con tu perfil personal. Puedes evitar esto cerrando sesi\u00f3n en tu cuenta de YouTube.<br>YouTube se utiliza para ayudar a que nuestro sitio web sea atractivo. Esto constituye un inter\u00e9s justificado en virtud del <a rel=\"noreferrer noopener\" href=\"https:\/\/eur-lex.europa.eu\/legal-content\/ES\/TXT\/HTML\/?uri=CELEX:02016R0679-20160504&amp;from=ES#tocId10\" target=\"_blank\">Art\u00edculo 6 UE RGDP &#8220;Licitud del tratamiento&#8221;<\/a>.<br>Puedes encontrar m\u00e1s informaci\u00f3n sobre el tratamiento de datos del usuario en la declaraci\u00f3n de protecci\u00f3n de datos de YouTube en&nbsp;<a href=\"https:\/\/www.google.de\/intl\/de\/policies\/privacy\">https:\/\/www.google.de\/intl\/de\/policies\/privacy<\/a>.<\/p>\n\n\n\n<h4 class=\"wp-block-heading\">Google Web Fonts<\/h4>\n\n\n\n<p>Para una representaci\u00f3n uniforme de las fuentes, esta p\u00e1gina utiliza fuentes web proporcionadas por Google. Cuando abres una p\u00e1gina, tu navegador carga las fuentes web necesarias en la memoria cach\u00e9 del navegador para mostrar los textos y las fuentes correctamente.<br>Para ello, tu navegador tiene que establecer una conexi\u00f3n directa a los servidores de Google y este registra el acceso a nuestra p\u00e1gina web a trav\u00e9s de tu direcci\u00f3n IP. El uso de las fuentes web de Google se realiza en inter\u00e9s de una presentaci\u00f3n uniforme y atractiva de nuestra web. Esto constituye un inter\u00e9s justificado en virtud del <a rel=\"noreferrer noopener\" href=\"https:\/\/eur-lex.europa.eu\/legal-content\/ES\/TXT\/HTML\/?uri=CELEX:02016R0679-20160504&amp;from=ES#tocId10\" target=\"_blank\">Art\u00edculo 6 UE RGDP &#8220;Licitud de tratamiento&#8221;<\/a>.<br>Si tu navegador no admite fuentes web, se utilizar\u00e1 una fuente est\u00e1ndar.<br>Puedes encontrar m\u00e1s informaci\u00f3n sobre el tratamiento de datos del usuario en&nbsp;<a href=\"https:\/\/developers.google.com\/fonts\/faq\">https:\/\/developers.google.com\/fonts\/faq<\/a>&nbsp;y en la pol\u00edtica de privacidad de Google en&nbsp;<a href=\"https:\/\/www.google.com\/policies\/privacy\/\">https:\/\/www.google.com\/policies\/privacy\/<\/a>.<\/p>\n\n\n\n<h3 class=\"wp-block-heading\">Plazo de conservaci\u00f3n de los datos<\/h3>\n\n\n\n<p>Conservaremos tus datos personales desde que nos des tu consentimiento hasta que lo revoques o bien solicites la limitaci\u00f3n del tratamiento. En tales casos, mantendremos tus datos de manera bloqueada durante 5 a\u00f1os.<\/p>\n\n\n\n<hr class=\"wp-block-separator is-style-wide\"\/>\n\n\n\n<h2 class=\"wp-block-heading\">Legitimaci\u00f3n y datos recabados<\/h2>\n\n\n\n<p>La legitimaci\u00f3n para el tratamiento de sus datos es el consentimiento expreso otorgado mediante un acto positivo y afirmativo (rellenar el formulario correspondiente y marcar la casilla de aceptaci\u00f3n de esta pol\u00edtica) en el momento de facilitarnos sus datos personales.<\/p>\n\n\n\n<h3 class=\"wp-block-heading\">Consentimiento para tratar sus datos<\/h3>\n\n\n\n<p>Al rellenar el formulario de contacto, marcar la casilla \u201cHe le\u00eddo y acepto la pol\u00edtica de privacidad\u201d y hacer clic en el bot\u00f3n &#8220;Enviar mensaje&#8221;, o al remitir correos electr\u00f3nicos a la Empresa a trav\u00e9s de las cuentas habilitadas al efecto, el usuario manifiesta haber le\u00eddo y aceptado expresamente la presente pol\u00edtica de privacidad, y otorga su consentimiento inequ\u00edvoco y expreso al tratamiento de sus datos personales conforme a las finalidades indicadas.<\/p>\n\n\n\n<h3 class=\"wp-block-heading\">Categor\u00edas de datos<\/h3>\n\n\n\n<p>Los datos que se recaban se refieren a la categor\u00eda de datos identificativos, como pueden ser: nombre y apellidos, tel\u00e9fono, direcci\u00f3n postal, empresa o correo electr\u00f3nico.<\/p>\n\n\n\n<hr class=\"wp-block-separator is-style-wide\"\/>\n\n\n\n<h2 class=\"wp-block-heading\">Seguridad<\/h2>\n\n\n\n<p>Aseguramos la absoluta confidencialidad y privacidad de los datos personales tratados, adoptando para ello las medidas de seguridad, de \u00edndole t\u00e9cnica y\/o organizativa, necesarias para evitar la alteraci\u00f3n, p\u00e9rdida, tratamiento o acceso no autorizado a los datos, garantizando as\u00ed la seguridad de los mismos.<br>La comunicaci\u00f3n entre tu navegador y nuestro servidor se realiza mediante un canal seguro a trav\u00e9s del protocolo HTTPS que garantiza las mejores condiciones de seguridad para la confidencialidad de los usuarios.<br>Tenemos implementadas medidas de seguridad razonablemente adecuadas para detectar la existencia de virus, ataques de fuerza bruta e inyecciones de c\u00f3digo.<br>No obstante, debes ser consciente de que las medidas de seguridad de los sistemas inform\u00e1ticos no son infalibles y que, por tanto no podemos garantizar la inexistencia de virus u otros elementos que puedan producir alteraciones en los sistemas inform\u00e1ticos (software y hardware) del usuario o en sus documentos electr\u00f3nicos y ficheros contenidos en los mismos.<br>En caso de detectarse alguna brecha de seguridad nos comprometemos a&nbsp;informar a los usuarios en el plazo m\u00e1ximo de 72 horas.<br>No responderemos en ning\u00fan caso de las incidencias que puedan surgir en torno a los datos personales cuando se deriven bien de un ataque o acceso no autorizado a los sistemas de tal forma que sea imposible de detectar por las medidas de seguridad implantadas.<\/p>\n\n\n\n<hr class=\"wp-block-separator is-style-wide\"\/>\n\n\n\n<h2 class=\"wp-block-heading\">Con qui\u00e9n compartimos tus datos<\/h2>\n\n\n\n<p>Con car\u00e1cter general no se comunicar\u00e1n los datos personales a terceros, salvo obligaci\u00f3n legal, entre las que pueden estar las comunicaciones al Defensor del Pueblo, Jueces y Tribunales, interesados en los procedimientos relacionados con la reclamaciones presentadas.<\/p>\n\n\n\n<p>Esta web enebepadel.com y todos sus datos, incluidos los que nos facilites, est\u00e1n alojados por NameCheap en un servidor del Reino Unido. Puedes ver la pol\u00edtica de privacidad de Namecheap en el siguiente enlace: <a href=\"https:\/\/www.namecheap.com\/legal\/general\/privacy-policy\/\" target=\"_blank\" rel=\"noreferrer noopener\">https:\/\/www.namecheap.com\/legal\/general\/privacy-policy\/<\/a>.<\/p>\n\n\n\n<hr class=\"wp-block-separator has-text-color has-background has-black-background-color has-black-color is-style-wide\"\/>\n\n\n\n<h2 class=\"wp-block-heading\">Qu\u00e9 derechos tienes sobre tus datos<\/h2>\n\n\n\n<p>Si tienes una cuenta o has dejado comentarios en esta web, puedes solicitar recibir un archivo de exportaci\u00f3n de los datos personales que tenemos sobre ti, incluyendo cualquier dato que nos hayas proporcionado. Tambi\u00e9n puedes solicitar que eliminemos cualquier dato personal que tengamos sobre ti. Esto no incluye ning\u00fan dato que estemos obligados a conservar con fines administrativos, legales o de seguridad.<br>De acuerdo con la legislaci\u00f3n vigente tiene los siguientes derechos: derecho a solicitar el acceso a sus datos personales, derecho a solicitar su rectificaci\u00f3n o supresi\u00f3n, derecho a solicitar la limitaci\u00f3n de su tratamiento, derecho a oponerse al tratamiento, derecho a la portabilidad de los datos y as\u00ed mismo, a revocar el consentimiento otorgado. Asimismo, tiene derecho a presentar una reclamaci\u00f3n ante la Agencia Espa\u00f1ola de Protecci\u00f3n de Datos.<\/p>\n\n\n\n<p>Para ejercer tus derechos, debes dirigirse al responsable, solicitando el correspondiente formulario para el ejercicio del derecho elegido. Opcionalmente, puedes acudir a la Autoridad de Control competente para obtener informaci\u00f3n adicional acerca de sus derechos. Los datos de contacto para el ejercicio de tus derechos son el tel\u00e9fono 982 28 61 00 y el correo electr\u00f3nico: boris@racketsworld.com. Recuerda acompa\u00f1ar una copia de un documento que nos permita identificarte.<\/p>\n","protected":false},"excerpt":{"rendered":"<p>Responsable del tratamiento RACKETS &amp; SPORTS WORLD SLPol\u00edgono Industrial Palas de Rei s\/nPalas de Rei 27200 LugoEspa\u00f1aNIF: ESB88456736Web: enebepadel.comTel\u00e9fono: 982 28 61 00Direcci\u00f3n de email para comunicaciones en materia de protecci\u00f3n de Datos: boris@racketsworld.com Normativa aplicable Nuestra Pol\u00edtica de Privacidad se ha dise\u00f1ado de acuerdo con el Reglamento General de Protecci\u00f3n de Datos de la<\/p>\n","protected":false},"author":2,"featured_media":0,"parent":0,"menu_order":0,"comment_status":"closed","ping_status":"closed","template":"","meta":{"footnotes":""},"class_list":["post-2773","page","type-page","status-publish","hentry"],"_links":{"self":[{"href":"https:\/\/enebepadel.com\/en\/wp-json\/wp\/v2\/pages\/2773","targetHints":{"allow":["GET"]}}],"collection":[{"href":"https:\/\/enebepadel.com\/en\/wp-json\/wp\/v2\/pages"}],"about":[{"href":"https:\/\/enebepadel.com\/en\/wp-json\/wp\/v2\/types\/page"}],"author":[{"embeddable":true,"href":"https:\/\/enebepadel.com\/en\/wp-json\/wp\/v2\/users\/2"}],"replies":[{"embeddable":true,"href":"https:\/\/enebepadel.com\/en\/wp-json\/wp\/v2\/comments?post=2773"}],"version-history":[{"count":0,"href":"https:\/\/enebepadel.com\/en\/wp-json\/wp\/v2\/pages\/2773\/revisions"}],"wp:attachment":[{"href":"https:\/\/enebepadel.com\/en\/wp-json\/wp\/v2\/media?parent=2773"}],"curies":[{"name":"wp","href":"https:\/\/api.w.org\/{rel}","templated":true}]}}